{"id":25,"date":"2021-11-16T16:15:52","date_gmt":"2021-11-16T16:15:52","guid":{"rendered":"http:\/\/laboratorioslabvet.com\/?page_id=25"},"modified":"2022-10-01T15:10:03","modified_gmt":"2022-10-01T15:10:03","slug":"home","status":"publish","type":"page","link":"https:\/\/laboratorioslabvet.com\/","title":{"rendered":"Home"},"content":{"rendered":"\n<div class=\"wp-block-cover alignfull\" style=\"min-height:850px;aspect-ratio:unset;\"><span aria-hidden=\"true\" class=\"wp-block-cover__background has-background-dim-70 has-background-dim wp-block-cover__gradient-background has-background-gradient\" style=\"background:linear-gradient(135deg,rgb(252,185,0) 0%,rgba(255,106,0,0.64) 63%)\"><\/span><img loading=\"lazy\" decoding=\"async\" width=\"1920\" height=\"1080\" class=\"wp-block-cover__image-background wp-image-27\" alt=\"\" src=\"http:\/\/laboratorioslabvet.com\/wp-content\/uploads\/2021\/11\/header-labvet.png\" style=\"object-position:52% 49%\" data-object-fit=\"cover\" data-object-position=\"52% 49%\" srcset=\"https:\/\/laboratorioslabvet.com\/wp-content\/uploads\/2021\/11\/header-labvet.png 1920w, https:\/\/laboratorioslabvet.com\/wp-content\/uploads\/2021\/11\/header-labvet-300x169.png 300w, https:\/\/laboratorioslabvet.com\/wp-content\/uploads\/2021\/11\/header-labvet-1024x576.png 1024w, https:\/\/laboratorioslabvet.com\/wp-content\/uploads\/2021\/11\/header-labvet-768x432.png 768w, https:\/\/laboratorioslabvet.com\/wp-content\/uploads\/2021\/11\/header-labvet-1536x864.png 1536w\" sizes=\"auto, (max-width: 1920px) 100vw, 1920px\" \/><div class=\"wp-block-cover__inner-container is-layout-flow wp-block-cover-is-layout-flow\">\n<h1 class=\"has-text-align-center has-white-color has-text-color wp-block-heading\">Laboratorio Cl\u00ednico Veterinario<\/h1>\n\n\n\n<p class=\"has-text-align-center has-white-color has-text-color\">Autorizaci\u00f3n No. 294 SADER-SENASICA <\/p>\n\n\n\n<div class=\"wp-block-buttons is-horizontal is-content-justification-center is-layout-flex wp-container-core-buttons-is-layout-499968f5 wp-block-buttons-is-layout-flex\">\n<div class=\"wp-block-button\"><a class=\"wp-block-button__link has-ast-global-color-5-color has-text-color has-background\" href=\"#\" style=\"background:linear-gradient(135deg,rgb(100,17,212) 0%,rgb(155,81,224) 100%)\">Tel. 311 213 8075<\/a><\/div>\n<\/div>\n<\/div><\/div>\n\n\n\n<div class=\"wp-block-cover alignfull is-light has-parallax\" style=\"background-image:url(http:\/\/laboratorioslabvet.com\/wp-content\/uploads\/2021\/11\/bg-graphics2.jpg);min-height:100vh;aspect-ratio:unset;\"><span aria-hidden=\"true\" class=\"wp-block-cover__background has-ast-global-color-5-background-color has-background-dim-40 has-background-dim\"><\/span><div class=\"wp-block-cover__inner-container is-layout-flow wp-block-cover-is-layout-flow\">\n<div class=\"wp-block-media-text is-vertically-aligned-center is-stacked-on-mobile\" style=\"grid-template-columns:32% auto\"><figure class=\"wp-block-media-text__media\"><img loading=\"lazy\" decoding=\"async\" width=\"400\" height=\"395\" src=\"http:\/\/laboratorioslabvet.com\/wp-content\/uploads\/2021\/11\/Quimi-vet.png\" alt=\"\" class=\"wp-image-28 size-full\" srcset=\"https:\/\/laboratorioslabvet.com\/wp-content\/uploads\/2021\/11\/Quimi-vet.png 400w, https:\/\/laboratorioslabvet.com\/wp-content\/uploads\/2021\/11\/Quimi-vet-300x296.png 300w\" sizes=\"auto, (max-width: 400px) 100vw, 400px\" \/><\/figure><div class=\"wp-block-media-text__content\">\n<h2 class=\"has-text-color wp-block-heading\" style=\"color:#6411d4\">Nosotros<\/h2>\n\n\n\n<p class=\"has-text-color\" style=\"color:#f7a522\">Somos un laboratorio cl\u00ednico veterinario y ofrecemos nuestros servicios principalmente a M\u00e9dicos Veterinarios y Cl\u00ednicas Veterinarias.<\/p>\n\n\n\n<p class=\"has-text-color\" style=\"color:#f7a522\">Actualmente trabajamos con la autorizaci\u00f3n No. 294 SADER-SENASICA y cuidamos los est\u00e1ndares de calidad para garantizar la calidad de nuestros servicios.<\/p>\n<\/div><\/div>\n\n\n\n<p class=\"has-text-align-center has-large-font-size\"><\/p>\n<\/div><\/div>\n\n\n\n<div class=\"wp-block-cover alignfull is-light has-parallax\" style=\"background-image:url(http:\/\/laboratorioslabvet.com\/wp-content\/uploads\/2021\/11\/bg-graphics-2.jpg);min-height:1000px;aspect-ratio:unset;\"><span aria-hidden=\"true\" class=\"wp-block-cover__background has-ast-global-color-5-background-color has-background-dim-40 has-background-dim\"><\/span><div class=\"wp-block-cover__inner-container is-layout-flow wp-block-cover-is-layout-flow\">\n<div class=\"wp-block-media-text has-media-on-the-right is-vertically-aligned-center is-stacked-on-mobile\" style=\"grid-template-columns:auto 32%\"><figure class=\"wp-block-media-text__media\"><img loading=\"lazy\" decoding=\"async\" width=\"400\" height=\"395\" src=\"http:\/\/laboratorioslabvet.com\/wp-content\/uploads\/2021\/11\/Fachada-LABVET.png\" alt=\"\" class=\"wp-image-31 size-full\" srcset=\"https:\/\/laboratorioslabvet.com\/wp-content\/uploads\/2021\/11\/Fachada-LABVET.png 400w, https:\/\/laboratorioslabvet.com\/wp-content\/uploads\/2021\/11\/Fachada-LABVET-300x296.png 300w\" sizes=\"auto, (max-width: 400px) 100vw, 400px\" \/><\/figure><div class=\"wp-block-media-text__content\">\n<h2 class=\"has-text-color wp-block-heading\" style=\"color:#6411d4\">Contacto<\/h2>\n\n\n\n<p class=\"has-text-color\" style=\"color:#f7a522\">Ju\u00e1rez 244-a, Centro, 63000 Tepic, Nay<\/p>\n\n\n\n<p class=\"has-text-color\" style=\"color:#f7a522\"><a href=\"https:\/\/www.google.com\/search?client=opera&amp;q=laboratorios+labvet&amp;sourceid=opera&amp;ie=UTF-8&amp;oe=UTF-8#\">Tel: 311 213 8075<\/a><\/p>\n\n\n\n<iframe src=\"https:\/\/www.google.com\/maps\/embed?pb=!1m14!1m8!1m3!1d14848.275735460464!2d-104.8891055!3d21.5050197!3m2!1i1024!2i768!4f13.1!3m3!1m2!1s0x0%3A0x7866d0ba3b3cf24b!2sLaboratorio%20Veterinario%20LABVET!5e0!3m2!1ses-419!2smx!4v1637073928280!5m2!1ses-419!2smx\" width=\"450\" height=\"450\" style=\"border:0;\" allowfullscreen=\"\" loading=\"lazy\"><\/iframe>\n<\/div><\/div>\n<\/div><\/div>\n","protected":false},"excerpt":{"rendered":"<p>Eius modi tempora incidunt ut labore et dolore. &#8211; William Lawrence 1898 &#8211; 1985 Neque porro quisquam est, qui dolorem ipsum quia dolor sit amet, consectetur, adipisci velit, sed quia non numquam eius modi tempora incidunt ut labore et dolore magnam aliquam. Dolorem ipsum quia dolor sit amet, consectetur, adipisci velit, sed quia non numquam &hellip;<\/p>\n<p class=\"read-more\"> <a class=\"\" href=\"https:\/\/websitedemos.net\/animal-welfare-08\/\"> <span class=\"screen-reader-text\">Home<\/span> Read More &raquo;<\/a><\/p>\n","protected":false},"author":1,"featured_media":0,"parent":0,"menu_order":0,"comment_status":"closed","ping_status":"closed","template":"","meta":{"om_disable_all_campaigns":false,"_monsterinsights_skip_tracking":false,"_monsterinsights_sitenote_active":false,"_monsterinsights_sitenote_note":"","_monsterinsights_sitenote_category":0,"site-sidebar-layout":"no-sidebar","site-content-layout":"plain-container","ast-main-header-display":"","ast-hfb-above-header-display":"","ast-hfb-below-header-display":"","ast-hfb-mobile-header-display":"","site-post-title":"disabled","ast-breadcrumbs-content":"","ast-featured-img":"","footer-sml-layout":"","theme-transparent-header-meta":"enabled","adv-header-id-meta":"","stick-header-meta":"","header-above-stick-meta":"","header-main-stick-meta":"","header-below-stick-meta":"","footnotes":""},"class_list":["post-25","page","type-page","status-publish","hentry"],"aioseo_notices":[],"_links":{"self":[{"href":"https:\/\/laboratorioslabvet.com\/index.php\/wp-json\/wp\/v2\/pages\/25","targetHints":{"allow":["GET"]}}],"collection":[{"href":"https:\/\/laboratorioslabvet.com\/index.php\/wp-json\/wp\/v2\/pages"}],"about":[{"href":"https:\/\/laboratorioslabvet.com\/index.php\/wp-json\/wp\/v2\/types\/page"}],"author":[{"embeddable":true,"href":"https:\/\/laboratorioslabvet.com\/index.php\/wp-json\/wp\/v2\/users\/1"}],"replies":[{"embeddable":true,"href":"https:\/\/laboratorioslabvet.com\/index.php\/wp-json\/wp\/v2\/comments?post=25"}],"version-history":[{"count":8,"href":"https:\/\/laboratorioslabvet.com\/index.php\/wp-json\/wp\/v2\/pages\/25\/revisions"}],"predecessor-version":[{"id":53,"href":"https:\/\/laboratorioslabvet.com\/index.php\/wp-json\/wp\/v2\/pages\/25\/revisions\/53"}],"wp:attachment":[{"href":"https:\/\/laboratorioslabvet.com\/index.php\/wp-json\/wp\/v2\/media?parent=25"}],"curies":[{"name":"wp","href":"https:\/\/api.w.org\/{rel}","templated":true}]}}